{"id":207,"date":"2024-11-26T16:10:20","date_gmt":"2024-11-26T16:10:20","guid":{"rendered":"https:\/\/santorellimobilia.com.br\/sm\/?page_id=207"},"modified":"2025-07-29T23:01:07","modified_gmt":"2025-07-29T23:01:07","slug":"espera","status":"publish","type":"page","link":"https:\/\/santorellimobilia.com.br\/sm\/","title":{"rendered":"espera"},"content":{"rendered":"\t\t<div data-elementor-type=\"wp-page\" data-elementor-id=\"207\" class=\"elementor elementor-207\" data-elementor-post-type=\"page\">\n\t\t\t\t<div class=\"elementor-element elementor-element-9f4d06c e-flex e-con-boxed e-con e-parent\" data-id=\"9f4d06c\" data-element_type=\"container\" data-e-type=\"container\" data-settings=\"{&quot;background_background&quot;:&quot;slideshow&quot;,&quot;background_slideshow_gallery&quot;:[{&quot;id&quot;:326,&quot;url&quot;:&quot;https:\\\/\\\/santorellimobilia.com.br\\\/sm\\\/wp-content\\\/uploads\\\/2025\\\/07\\\/b49e287a-8e2e-44eb-976e-c725a5a5146f.jpeg&quot;}],&quot;background_slideshow_loop&quot;:&quot;yes&quot;,&quot;background_slideshow_slide_duration&quot;:5000,&quot;background_slideshow_slide_transition&quot;:&quot;fade&quot;,&quot;background_slideshow_transition_duration&quot;:500}\">\n\t\t\t\t\t<div class=\"e-con-inner\">\n\t\t\t\t<div class=\"elementor-element elementor-element-06dedb9 elementor-widget elementor-widget-image\" data-id=\"06dedb9\" data-element_type=\"widget\" data-e-type=\"widget\" data-widget_type=\"image.default\">\n\t\t\t\t<div class=\"elementor-widget-container\">\n\t\t\t\t\t\t\t\t\t\t\t\t\t\t\t<img fetchpriority=\"high\" decoding=\"async\" width=\"300\" height=\"300\" src=\"https:\/\/santorellimobilia.com.br\/sm\/wp-content\/uploads\/2025\/07\/LOGO-SANTORELLI-300x300.png\" class=\"attachment-medium size-medium wp-image-328\" alt=\"\" srcset=\"https:\/\/santorellimobilia.com.br\/sm\/wp-content\/uploads\/2025\/07\/LOGO-SANTORELLI-300x300.png 300w, https:\/\/santorellimobilia.com.br\/sm\/wp-content\/uploads\/2025\/07\/LOGO-SANTORELLI-100x100.png 100w, https:\/\/santorellimobilia.com.br\/sm\/wp-content\/uploads\/2025\/07\/LOGO-SANTORELLI-150x150.png 150w, https:\/\/santorellimobilia.com.br\/sm\/wp-content\/uploads\/2025\/07\/LOGO-SANTORELLI.png 595w\" sizes=\"(max-width: 300px) 100vw, 300px\" \/>\t\t\t\t\t\t\t\t\t\t\t\t\t\t\t<\/div>\n\t\t\t\t<\/div>\n\t\t\t\t<div class=\"elementor-element elementor-element-6be74f8 elementor-align-center elementor-widget elementor-widget-button\" data-id=\"6be74f8\" data-element_type=\"widget\" data-e-type=\"widget\" data-widget_type=\"button.default\">\n\t\t\t\t<div class=\"elementor-widget-container\">\n\t\t\t\t\t\t\t\t\t<div class=\"elementor-button-wrapper\">\n\t\t\t\t\t<a class=\"elementor-button elementor-button-link elementor-size-sm\" href=\"#\">\n\t\t\t\t\t\t<span class=\"elementor-button-content-wrapper\">\n\t\t\t\t\t\t\t\t\t<span class=\"elementor-button-text\">WHATSAPP<\/span>\n\t\t\t\t\t<\/span>\n\t\t\t\t\t<\/a>\n\t\t\t\t<\/div>\n\t\t\t\t\t\t\t\t<\/div>\n\t\t\t\t<\/div>\n\t\t\t\t<div class=\"elementor-element elementor-element-30e8ef8 elementor-align-center elementor-widget elementor-widget-button\" data-id=\"30e8ef8\" data-element_type=\"widget\" data-e-type=\"widget\" data-widget_type=\"button.default\">\n\t\t\t\t<div class=\"elementor-widget-container\">\n\t\t\t\t\t\t\t\t\t<div class=\"elementor-button-wrapper\">\n\t\t\t\t\t<a class=\"elementor-button elementor-button-link elementor-size-sm\" href=\"https:\/\/www.instagram.com\/santorellimobiliaoficial\/\">\n\t\t\t\t\t\t<span class=\"elementor-button-content-wrapper\">\n\t\t\t\t\t\t\t\t\t<span class=\"elementor-button-text\">INSTAGRAM<\/span>\n\t\t\t\t\t<\/span>\n\t\t\t\t\t<\/a>\n\t\t\t\t<\/div>\n\t\t\t\t\t\t\t\t<\/div>\n\t\t\t\t<\/div>\n\t\t\t\t<div class=\"elementor-element elementor-element-2bb3612 elementor-align-center elementor-widget elementor-widget-button\" data-id=\"2bb3612\" data-element_type=\"widget\" data-e-type=\"widget\" data-widget_type=\"button.default\">\n\t\t\t\t<div class=\"elementor-widget-container\">\n\t\t\t\t\t\t\t\t\t<div class=\"elementor-button-wrapper\">\n\t\t\t\t\t<a class=\"elementor-button elementor-button-link elementor-size-sm\" href=\"https:\/\/santorellimobilia.com.br\/sm\/lojista\">\n\t\t\t\t\t\t<span class=\"elementor-button-content-wrapper\">\n\t\t\t\t\t\t\t\t\t<span class=\"elementor-button-text\">CATALOGO E TABELA<\/span>\n\t\t\t\t\t<\/span>\n\t\t\t\t\t<\/a>\n\t\t\t\t<\/div>\n\t\t\t\t\t\t\t\t<\/div>\n\t\t\t\t<\/div>\n\t\t\t\t<div class=\"elementor-element elementor-element-b99ed9b elementor-align-center elementor-widget elementor-widget-button\" data-id=\"b99ed9b\" data-element_type=\"widget\" data-e-type=\"widget\" data-widget_type=\"button.default\">\n\t\t\t\t<div class=\"elementor-widget-container\">\n\t\t\t\t\t\t\t\t\t<div class=\"elementor-button-wrapper\">\n\t\t\t\t\t<a class=\"elementor-button elementor-button-link elementor-size-sm\" href=\"https:\/\/santorellimobilia.com.br\/sm\/lojista\">\n\t\t\t\t\t\t<span class=\"elementor-button-content-wrapper\">\n\t\t\t\t\t\t\t\t\t<span class=\"elementor-button-text\">SEJA UM REPRESENTANTE<\/span>\n\t\t\t\t\t<\/span>\n\t\t\t\t\t<\/a>\n\t\t\t\t<\/div>\n\t\t\t\t\t\t\t\t<\/div>\n\t\t\t\t<\/div>\n\t\t\t\t<div class=\"elementor-element elementor-element-2e555ed elementor-widget elementor-widget-spacer\" data-id=\"2e555ed\" data-element_type=\"widget\" data-e-type=\"widget\" data-widget_type=\"spacer.default\">\n\t\t\t\t<div class=\"elementor-widget-container\">\n\t\t\t\t\t\t\t<div class=\"elementor-spacer\">\n\t\t\t<div class=\"elementor-spacer-inner\"><\/div>\n\t\t<\/div>\n\t\t\t\t\t\t<\/div>\n\t\t\t\t<\/div>\n\t\t\t\t\t<\/div>\n\t\t\t\t<\/div>\n\t\t<div class=\"elementor-element elementor-element-9689da0 e-flex e-con-boxed e-con e-parent\" data-id=\"9689da0\" data-element_type=\"container\" data-e-type=\"container\">\n\t\t\t\t\t<div class=\"e-con-inner\">\n\t\t\t\t<div class=\"elementor-element elementor-element-223994f elementor-widget elementor-widget-spacer\" data-id=\"223994f\" data-element_type=\"widget\" data-e-type=\"widget\" data-widget_type=\"spacer.default\">\n\t\t\t\t<div class=\"elementor-widget-container\">\n\t\t\t\t\t\t\t<div class=\"elementor-spacer\">\n\t\t\t<div class=\"elementor-spacer-inner\"><\/div>\n\t\t<\/div>\n\t\t\t\t\t\t<\/div>\n\t\t\t\t<\/div>\n\t\t\t\t<div class=\"elementor-element elementor-element-4fa4030 elementor-widget elementor-widget-heading\" data-id=\"4fa4030\" data-element_type=\"widget\" data-e-type=\"widget\" data-widget_type=\"heading.default\">\n\t\t\t\t<div class=\"elementor-widget-container\">\n\t\t\t\t\t<h2 class=\"elementor-heading-title elementor-size-default\">Conhe\u00e7a a Santorelli Mob\u00edlia e fa\u00e7a parte do nosso time de Lojistas e representantes <\/h2>\t\t\t\t<\/div>\n\t\t\t\t<\/div>\n\t\t\t\t\t<\/div>\n\t\t\t\t<\/div>\n\t\t<div class=\"elementor-element elementor-element-b028477 e-flex e-con-boxed e-con e-parent\" data-id=\"b028477\" data-element_type=\"container\" data-e-type=\"container\">\n\t\t\t\t\t<div class=\"e-con-inner\">\n\t\t\t\t<div class=\"elementor-element elementor-element-03f5cd9 elementor-widget elementor-widget-spacer\" data-id=\"03f5cd9\" data-element_type=\"widget\" data-e-type=\"widget\" data-widget_type=\"spacer.default\">\n\t\t\t\t<div class=\"elementor-widget-container\">\n\t\t\t\t\t\t\t<div class=\"elementor-spacer\">\n\t\t\t<div class=\"elementor-spacer-inner\"><\/div>\n\t\t<\/div>\n\t\t\t\t\t\t<\/div>\n\t\t\t\t<\/div>\n\t\t\t\t\t<\/div>\n\t\t\t\t<\/div>\n\t\t<div class=\"elementor-element elementor-element-b67cc6c e-grid e-con-full e-con e-parent\" data-id=\"b67cc6c\" data-element_type=\"container\" data-e-type=\"container\">\n\t\t\t\t<div class=\"elementor-element elementor-element-9d02d04 elementor-widget elementor-widget-text-editor\" data-id=\"9d02d04\" data-element_type=\"widget\" data-e-type=\"widget\" data-widget_type=\"text-editor.default\">\n\t\t\t\t<div class=\"elementor-widget-container\">\n\t\t\t\t\t\t\t\t\t<p>A\u202f<strong data-start=\"31\" data-end=\"45\">Santorelli Mob\u00edlia&nbsp;<\/strong>nasceu para atender profissionais que exigem m\u00f3veis de \u00e1rea externa com alto padr\u00e3o de acabamento, log\u00edstica confi\u00e1vel e rentabilidade consistente. Produzimos cada pe\u00e7a em nossa pr\u00f3pria f\u00e1brica, combinando estrutura de alum\u00ednio, tramas artesanais em corda n\u00e1utica ou fibra sint\u00e9tica e acabamentos que resistem \u00e0s intemp\u00e9ries sem abrir m\u00e3o da est\u00e9tica.<\/p>\t\t\t\t\t\t\t\t<\/div>\n\t\t\t\t<\/div>\n\t\t\t\t<div class=\"elementor-element elementor-element-cc9ab74 elementor-widget elementor-widget-video\" data-id=\"cc9ab74\" data-element_type=\"widget\" data-e-type=\"widget\" data-settings=\"{&quot;youtube_url&quot;:&quot;https:\\\/\\\/www.youtube.com\\\/watch?v=w3qVzBmKmX0&quot;,&quot;autoplay&quot;:&quot;yes&quot;,&quot;play_on_mobile&quot;:&quot;yes&quot;,&quot;mute&quot;:&quot;yes&quot;,&quot;loop&quot;:&quot;yes&quot;,&quot;video_type&quot;:&quot;youtube&quot;}\" data-widget_type=\"video.default\">\n\t\t\t\t<div class=\"elementor-widget-container\">\n\t\t\t\t\t\t\t<div class=\"elementor-wrapper elementor-open-inline\">\n\t\t\t<div class=\"elementor-video\"><\/div>\t\t<\/div>\n\t\t\t\t\t\t<\/div>\n\t\t\t\t<\/div>\n\t\t\t\t<\/div>\n\t\t<div class=\"elementor-element elementor-element-23b5210 e-flex e-con-boxed e-con e-parent\" data-id=\"23b5210\" data-element_type=\"container\" data-e-type=\"container\">\n\t\t\t\t\t<div class=\"e-con-inner\">\n\t\t\t\t<div class=\"elementor-element elementor-element-48b6c77 elementor-widget elementor-widget-spacer\" data-id=\"48b6c77\" data-element_type=\"widget\" data-e-type=\"widget\" data-widget_type=\"spacer.default\">\n\t\t\t\t<div class=\"elementor-widget-container\">\n\t\t\t\t\t\t\t<div class=\"elementor-spacer\">\n\t\t\t<div class=\"elementor-spacer-inner\"><\/div>\n\t\t<\/div>\n\t\t\t\t\t\t<\/div>\n\t\t\t\t<\/div>\n\t\t\t\t\t<\/div>\n\t\t\t\t<\/div>\n\t\t<div class=\"elementor-element elementor-element-61efbaf e-grid e-con-boxed e-con e-parent\" data-id=\"61efbaf\" data-element_type=\"container\" data-e-type=\"container\">\n\t\t\t\t\t<div class=\"e-con-inner\">\n\t\t\t\t\t<\/div>\n\t\t\t\t<\/div>\n\t\t\t\t<\/div>\n\t\t","protected":false},"excerpt":{"rendered":"<p>WHATSAPP INSTAGRAM CATALOGO E TABELA SEJA UM REPRESENTANTE Conhe\u00e7a a Santorelli Mob\u00edlia e fa\u00e7a parte do nosso time de Lojistas e representantes A\u202fSantorelli Mob\u00edlia&nbsp;nasceu para atender profissionais que exigem m\u00f3veis de \u00e1rea externa com alto padr\u00e3o de acabamento, log\u00edstica confi\u00e1vel e rentabilidade consistente. Produzimos cada pe\u00e7a em nossa pr\u00f3pria f\u00e1brica, combinando estrutura de alum\u00ednio, tramas [&hellip;]<\/p>\n","protected":false},"author":1,"featured_media":0,"parent":0,"menu_order":0,"comment_status":"closed","ping_status":"closed","template":"elementor_canvas","meta":{"footnotes":""},"class_list":["post-207","page","type-page","status-publish","hentry"],"_links":{"self":[{"href":"https:\/\/santorellimobilia.com.br\/sm\/wp-json\/wp\/v2\/pages\/207","targetHints":{"allow":["GET"]}}],"collection":[{"href":"https:\/\/santorellimobilia.com.br\/sm\/wp-json\/wp\/v2\/pages"}],"about":[{"href":"https:\/\/santorellimobilia.com.br\/sm\/wp-json\/wp\/v2\/types\/page"}],"author":[{"embeddable":true,"href":"https:\/\/santorellimobilia.com.br\/sm\/wp-json\/wp\/v2\/users\/1"}],"replies":[{"embeddable":true,"href":"https:\/\/santorellimobilia.com.br\/sm\/wp-json\/wp\/v2\/comments?post=207"}],"version-history":[{"count":79,"href":"https:\/\/santorellimobilia.com.br\/sm\/wp-json\/wp\/v2\/pages\/207\/revisions"}],"predecessor-version":[{"id":401,"href":"https:\/\/santorellimobilia.com.br\/sm\/wp-json\/wp\/v2\/pages\/207\/revisions\/401"}],"wp:attachment":[{"href":"https:\/\/santorellimobilia.com.br\/sm\/wp-json\/wp\/v2\/media?parent=207"}],"curies":[{"name":"wp","href":"https:\/\/api.w.org\/{rel}","templated":true}]}}